{"id":51,"date":"2025-05-12T03:45:34","date_gmt":"2025-05-12T03:45:34","guid":{"rendered":"https:\/\/chatuss.com\/?page_id=51"},"modified":"2025-07-31T13:58:26","modified_gmt":"2025-07-31T11:58:26","slug":"rules","status":"publish","type":"page","link":"https:\/\/chatuss.com\/it\/rules\/","title":{"rendered":"Regole"},"content":{"rendered":"<div data-elementor-type=\"wp-page\" data-elementor-id=\"51\" class=\"elementor elementor-51\" data-elementor-post-type=\"page\">\n\t\t\t\t\t\t<section class=\"elementor-section elementor-top-section elementor-element elementor-element-aa602b1 elementor-section-boxed elementor-section-height-default elementor-section-height-default\" data-id=\"aa602b1\" data-element_type=\"section\" data-e-type=\"section\">\n\t\t\t\t\t\t<div class=\"elementor-container elementor-column-gap-default\">\n\t\t\t\t\t<div class=\"elementor-column elementor-col-100 elementor-top-column elementor-element elementor-element-deb4e48\" data-id=\"deb4e48\" data-element_type=\"column\" data-e-type=\"column\">\n\t\t\t<div class=\"elementor-widget-wrap elementor-element-populated\">\n\t\t\t\t\t\t<div class=\"elementor-element elementor-element-88330ff elementor-widget elementor-widget-heading\" data-id=\"88330ff\" data-element_type=\"widget\" data-e-type=\"widget\" data-widget_type=\"heading.default\">\n\t\t\t\t<div class=\"elementor-widget-container\">\n\t\t\t\t\t<h1 class=\"elementor-heading-title elementor-size-default\">Regole<\/h1>\t\t\t\t<\/div>\n\t\t\t\t<\/div>\n\t\t\t\t\t<\/div>\n\t\t<\/div>\n\t\t\t\t\t<\/div>\n\t\t<\/section>\n\t\t\t\t<section class=\"elementor-section elementor-top-section elementor-element elementor-element-e61e2e0 elementor-section-boxed elementor-section-height-default elementor-section-height-default\" data-id=\"e61e2e0\" data-element_type=\"section\" data-e-type=\"section\">\n\t\t\t\t\t\t<div class=\"elementor-container elementor-column-gap-default\">\n\t\t\t\t\t<div class=\"elementor-column elementor-col-100 elementor-top-column elementor-element elementor-element-edbd578\" data-id=\"edbd578\" data-element_type=\"column\" data-e-type=\"column\">\n\t\t\t<div class=\"elementor-widget-wrap elementor-element-populated\">\n\t\t\t\t\t\t<div class=\"elementor-element elementor-element-59fb3ca elementor-widget__width-initial elementor-widget elementor-widget-text-editor\" data-id=\"59fb3ca\" data-element_type=\"widget\" data-e-type=\"widget\" data-widget_type=\"text-editor.default\">\n\t\t\t\t<div class=\"elementor-widget-container\">\n\t\t\t\t\t\t\t\t\t<p>Benvenuti su Chatuss.com! La nostra piattaforma \u00e8 stata progettata per creare un ambiente sicuro e divertente per gli utenti che desiderano partecipare a chat video casuali con persone di tutto il mondo. Per garantire un'esperienza positiva a tutti gli utenti, abbiamo stabilito una serie di regole che delineano il comportamento e la condotta accettabili sulla nostra piattaforma. Accedendo e utilizzando Chatuss.com, l'utente accetta di rispettare queste regole.<\/p>\n<h3>Siate rispettosi ed educati<\/h3>\n<p>Trattate tutti gli utenti con rispetto e cortesia, proprio come vorreste essere trattati voi. Impegnatevi in conversazioni amichevoli e significative e astenetevi dall'usare un linguaggio offensivo, dal minacciare o dall'impegnarvi in molestie o bullismo.<\/p>\n<h3>Nessun contenuto inappropriato<\/h3>\n<p>La condivisione di contenuti espliciti, offensivi o altrimenti inappropriati \u00e8 severamente vietata su Chatuss.com. Ci\u00f2 include, ma non si limita a, nudit\u00e0, immagini o video espliciti, violenza grafica o discorsi di odio. Gli utenti trovati a condividere tali contenuti saranno banditi dalla piattaforma.<\/p>\n<h3>Proteggere la privacy<\/h3>\n<p>Per la vostra sicurezza, non condividete con altri utenti informazioni personali sensibili, come nome e cognome, indirizzo, numero di telefono o dettagli finanziari. Siate prudenti quando discutete di questioni personali e ricordate che non tutti sulla piattaforma possono avere a cuore i vostri interessi.<\/p>\n<h3>Niente spam o pubblicit\u00e0<\/h3>\n<p>La promozione di prodotti, servizi o siti web e la condivisione di spam o messaggi non richiesti non sono consentiti su Chatuss.com. Gli utenti che si impegnano in tali attivit\u00e0 saranno banditi dalla piattaforma.<\/p>\n<h3>Nessuna impersonificazione<\/h3>\n<p>Impersonare un'altra persona, sia essa un utente o un membro dello staff di Chatuss.com, \u00e8 severamente vietato. Gli utenti sorpresi a impersonare altre persone saranno banditi dalla piattaforma.<\/p>\n<h3>Limiti di et\u00e0<\/h3>\n<p>Chatuss.com is intended for users aged 18 and above. Users under the age of 18 are not allowed on the platform. If you encounter a user who appears to be underage, please report them to our moderators.<\/p>\n<h3>Segnalare una cattiva condotta<\/h3>\n<p>Se incontrate un utente che viola queste regole o si comporta in modo inappropriato, segnalatelo immediatamente ai nostri moderatori. Le vostre segnalazioni ci aiutano a mantenere un ambiente sicuro e piacevole per tutti gli utenti.<\/p>\n<p>Le violazioni di queste regole possono comportare avvertimenti, ban temporanei o permanenti, o altre azioni a discrezione dei moderatori e dello staff di Chatuss.com. Ci riserviamo il diritto di aggiornare o modificare queste regole in qualsiasi momento per mantenere la sicurezza e l'integrit\u00e0 della nostra piattaforma. L'uso continuato di Chatuss.it costituisce l'accettazione di qualsiasi modifica a queste regole.<\/p>\n<p>Grazie per essere parte della comunit\u00e0 di Chatuss.com e per aver fatto la vostra parte per renderlo uno spazio sicuro e piacevole per tutti!<\/p>\t\t\t\t\t\t\t\t<\/div>\n\t\t\t\t<\/div>\n\t\t\t\t\t<\/div>\n\t\t<\/div>\n\t\t\t\t\t<\/div>\n\t\t<\/section>\n\t\t\t\t<\/div>","protected":false},"excerpt":{"rendered":"<p>Regole Benvenuti su Chatuss.com! La nostra piattaforma \u00e8 progettata per creare un ambiente sicuro e divertente per gli utenti che desiderano partecipare a chat video casuali con persone di tutto il mondo. Per garantire un'esperienza positiva a tutti gli utenti, abbiamo stabilito una serie di regole che delineano il comportamento e la condotta accettabili sulla nostra piattaforma. Accedendo [...]<\/p>","protected":false},"author":1,"featured_media":0,"parent":0,"menu_order":0,"comment_status":"closed","ping_status":"closed","template":"elementor_header_footer","meta":{"footnotes":""},"class_list":["post-51","page","type-page","status-publish","hentry"],"yoast_head":"<!-- This site is optimized with the Yoast SEO plugin v27.4 - https:\/\/yoast.com\/product\/yoast-seo-wordpress\/ -->\n<title>Rules - Chatuss<\/title>\n<meta name=\"robots\" content=\"index, follow, max-snippet:-1, max-image-preview:large, max-video-preview:-1\" \/>\n<link rel=\"canonical\" href=\"https:\/\/chatuss.com\/it\/rules\/\" \/>\n<meta property=\"og:locale\" content=\"it_IT\" \/>\n<meta property=\"og:type\" content=\"article\" \/>\n<meta property=\"og:title\" content=\"Rules - Chatuss\" \/>\n<meta property=\"og:description\" content=\"Rules Welcome to Chatuss.com! Our platform is designed to create a safe and enjoyable environment for users to engage in random video chats with people from around the world. To ensure a positive experience for all users, we have established a set of rules that outline acceptable behavior and conduct on our platform. By accessing [&hellip;]\" \/>\n<meta property=\"og:url\" content=\"https:\/\/chatuss.com\/it\/rules\/\" \/>\n<meta property=\"og:site_name\" content=\"Chatuss\" \/>\n<meta property=\"article:modified_time\" content=\"2025-07-31T11:58:26+00:00\" \/>\n<meta property=\"og:image\" content=\"https:\/\/chatuss.com\/wp-content\/uploads\/2023\/05\/64731f1e55365.jpg?wsr\" \/>\n\t<meta property=\"og:image:width\" content=\"1024\" \/>\n\t<meta property=\"og:image:height\" content=\"683\" \/>\n\t<meta property=\"og:image:type\" content=\"image\/jpeg\" \/>\n<meta name=\"twitter:card\" content=\"summary_large_image\" \/>\n<meta name=\"twitter:label1\" content=\"Tempo di lettura stimato\" \/>\n\t<meta name=\"twitter:data1\" content=\"2 minuti\" \/>\n<script type=\"application\/ld+json\" class=\"yoast-schema-graph\">{\"@context\":\"https:\\\/\\\/schema.org\",\"@graph\":[{\"@type\":\"WebPage\",\"@id\":\"https:\\\/\\\/chatuss.com\\\/rules\\\/\",\"url\":\"https:\\\/\\\/chatuss.com\\\/rules\\\/\",\"name\":\"Rules - Chatuss\",\"isPartOf\":{\"@id\":\"https:\\\/\\\/chatuss.com\\\/#website\"},\"datePublished\":\"2025-05-12T03:45:34+00:00\",\"dateModified\":\"2025-07-31T11:58:26+00:00\",\"breadcrumb\":{\"@id\":\"https:\\\/\\\/chatuss.com\\\/rules\\\/#breadcrumb\"},\"inLanguage\":\"it-IT\",\"potentialAction\":[{\"@type\":\"ReadAction\",\"target\":[\"https:\\\/\\\/chatuss.com\\\/rules\\\/\"]}]},{\"@type\":\"BreadcrumbList\",\"@id\":\"https:\\\/\\\/chatuss.com\\\/rules\\\/#breadcrumb\",\"itemListElement\":[{\"@type\":\"ListItem\",\"position\":1,\"name\":\"Home\",\"item\":\"https:\\\/\\\/chatuss.com\\\/\"},{\"@type\":\"ListItem\",\"position\":2,\"name\":\"Rules\"}]},{\"@type\":\"WebSite\",\"@id\":\"https:\\\/\\\/chatuss.com\\\/#website\",\"url\":\"https:\\\/\\\/chatuss.com\\\/\",\"name\":\"Chatuss\",\"description\":\"\",\"publisher\":{\"@id\":\"https:\\\/\\\/chatuss.com\\\/#organization\"},\"potentialAction\":[{\"@type\":\"SearchAction\",\"target\":{\"@type\":\"EntryPoint\",\"urlTemplate\":\"https:\\\/\\\/chatuss.com\\\/?s={search_term_string}\"},\"query-input\":{\"@type\":\"PropertyValueSpecification\",\"valueRequired\":true,\"valueName\":\"search_term_string\"}}],\"inLanguage\":\"it-IT\"},{\"@type\":\"Organization\",\"@id\":\"https:\\\/\\\/chatuss.com\\\/#organization\",\"name\":\"Chatuss\",\"url\":\"https:\\\/\\\/chatuss.com\\\/\",\"logo\":{\"@type\":\"ImageObject\",\"inLanguage\":\"it-IT\",\"@id\":\"https:\\\/\\\/chatuss.com\\\/#\\\/schema\\\/logo\\\/image\\\/\",\"url\":\"https:\\\/\\\/chatuss.com\\\/wp-content\\\/uploads\\\/2020\\\/04\\\/chatuss-favi.jpg\",\"contentUrl\":\"https:\\\/\\\/chatuss.com\\\/wp-content\\\/uploads\\\/2020\\\/04\\\/chatuss-favi.jpg\",\"width\":87,\"height\":87,\"caption\":\"Chatuss\"},\"image\":{\"@id\":\"https:\\\/\\\/chatuss.com\\\/#\\\/schema\\\/logo\\\/image\\\/\"}}]}<\/script>\n<!-- \/ Yoast SEO plugin. -->","yoast_head_json":{"title":"Regole - Chatuss","robots":{"index":"index","follow":"follow","max-snippet":"max-snippet:-1","max-image-preview":"max-image-preview:large","max-video-preview":"max-video-preview:-1"},"canonical":"https:\/\/chatuss.com\/it\/rules\/","og_locale":"it_IT","og_type":"article","og_title":"Rules - Chatuss","og_description":"Rules Welcome to Chatuss.com! Our platform is designed to create a safe and enjoyable environment for users to engage in random video chats with people from around the world. To ensure a positive experience for all users, we have established a set of rules that outline acceptable behavior and conduct on our platform. By accessing [&hellip;]","og_url":"https:\/\/chatuss.com\/it\/rules\/","og_site_name":"Chatuss","article_modified_time":"2025-07-31T11:58:26+00:00","og_image":[{"width":1024,"height":683,"url":"https:\/\/chatuss.com\/wp-content\/uploads\/2023\/05\/64731f1e55365.jpg?wsr","type":"image\/jpeg"}],"twitter_card":"summary_large_image","twitter_misc":{"Tempo di lettura stimato":"2 minuti"},"schema":{"@context":"https:\/\/schema.org","@graph":[{"@type":"WebPage","@id":"https:\/\/chatuss.com\/rules\/","url":"https:\/\/chatuss.com\/rules\/","name":"Regole - Chatuss","isPartOf":{"@id":"https:\/\/chatuss.com\/#website"},"datePublished":"2025-05-12T03:45:34+00:00","dateModified":"2025-07-31T11:58:26+00:00","breadcrumb":{"@id":"https:\/\/chatuss.com\/rules\/#breadcrumb"},"inLanguage":"it-IT","potentialAction":[{"@type":"ReadAction","target":["https:\/\/chatuss.com\/rules\/"]}]},{"@type":"BreadcrumbList","@id":"https:\/\/chatuss.com\/rules\/#breadcrumb","itemListElement":[{"@type":"ListItem","position":1,"name":"Home","item":"https:\/\/chatuss.com\/"},{"@type":"ListItem","position":2,"name":"Rules"}]},{"@type":"WebSite","@id":"https:\/\/chatuss.com\/#website","url":"https:\/\/chatuss.com\/","name":"Chatuss","description":"","publisher":{"@id":"https:\/\/chatuss.com\/#organization"},"potentialAction":[{"@type":"SearchAction","target":{"@type":"EntryPoint","urlTemplate":"https:\/\/chatuss.com\/?s={search_term_string}"},"query-input":{"@type":"PropertyValueSpecification","valueRequired":true,"valueName":"search_term_string"}}],"inLanguage":"it-IT"},{"@type":"Organization","@id":"https:\/\/chatuss.com\/#organization","name":"Chatuss","url":"https:\/\/chatuss.com\/","logo":{"@type":"ImageObject","inLanguage":"it-IT","@id":"https:\/\/chatuss.com\/#\/schema\/logo\/image\/","url":"https:\/\/chatuss.com\/wp-content\/uploads\/2020\/04\/chatuss-favi.jpg","contentUrl":"https:\/\/chatuss.com\/wp-content\/uploads\/2020\/04\/chatuss-favi.jpg","width":87,"height":87,"caption":"Chatuss"},"image":{"@id":"https:\/\/chatuss.com\/#\/schema\/logo\/image\/"}}]}},"_links":{"self":[{"href":"https:\/\/chatuss.com\/it\/wp-json\/wp\/v2\/pages\/51","targetHints":{"allow":["GET"]}}],"collection":[{"href":"https:\/\/chatuss.com\/it\/wp-json\/wp\/v2\/pages"}],"about":[{"href":"https:\/\/chatuss.com\/it\/wp-json\/wp\/v2\/types\/page"}],"author":[{"embeddable":true,"href":"https:\/\/chatuss.com\/it\/wp-json\/wp\/v2\/users\/1"}],"replies":[{"embeddable":true,"href":"https:\/\/chatuss.com\/it\/wp-json\/wp\/v2\/comments?post=51"}],"version-history":[{"count":10,"href":"https:\/\/chatuss.com\/it\/wp-json\/wp\/v2\/pages\/51\/revisions"}],"predecessor-version":[{"id":2736,"href":"https:\/\/chatuss.com\/it\/wp-json\/wp\/v2\/pages\/51\/revisions\/2736"}],"wp:attachment":[{"href":"https:\/\/chatuss.com\/it\/wp-json\/wp\/v2\/media?parent=51"}],"curies":[{"name":"wp","href":"https:\/\/api.w.org\/{rel}","templated":true}]}}